{"id":1991,"date":"2019-03-19T17:00:58","date_gmt":"2019-03-19T16:00:58","guid":{"rendered":"https:\/\/clients.fourmizz.fr\/clos-castel.fr\/?page_id=1991"},"modified":"2026-02-16T17:50:23","modified_gmt":"2026-02-16T16:50:23","slug":"le-restaurant","status":"publish","type":"page","link":"https:\/\/www.clos-castel.fr\/en\/le-restaurant\/","title":{"rendered":"Restaurant"},"content":{"rendered":"<div data-elementor-type=\"wp-post\" data-elementor-id=\"1991\" class=\"elementor elementor-1991\">\n\t\t\t\t\t\t\t\t\t<section class=\"elementor-section elementor-top-section elementor-element elementor-element-9c7ecd5 elementor-section-boxed elementor-section-height-default elementor-section-height-default\" data-id=\"9c7ecd5\" data-element_type=\"section\">\n\t\t\t\t\t\t<div class=\"elementor-container elementor-column-gap-default\">\n\t\t\t\t\t<div class=\"elementor-column elementor-col-50 elementor-top-column elementor-element elementor-element-91009c1\" data-id=\"91009c1\" data-element_type=\"column\">\n\t\t\t<div class=\"elementor-widget-wrap elementor-element-populated\">\n\t\t\t\t\t\t\t\t<div class=\"elementor-element elementor-element-7adf493 elementor-invisible elementor-widget elementor-widget-image\" data-id=\"7adf493\" data-element_type=\"widget\" data-settings=\"{&quot;_animation&quot;:&quot;fadeInUp&quot;}\" data-widget_type=\"image.default\">\n\t\t\t\t<div class=\"elementor-widget-container\">\n\t\t\t\t\t\t\t\t\t\t\t\t\t\t\t<img fetchpriority=\"high\" decoding=\"async\" width=\"1716\" height=\"2000\" src=\"https:\/\/www.clos-castel.fr\/wp-content\/uploads\/2019\/03\/castel5-32.jpg\" class=\"attachment-full size-full wp-image-1998\" alt=\"\" srcset=\"https:\/\/www.clos-castel.fr\/wp-content\/uploads\/2019\/03\/castel5-32.jpg 1716w, https:\/\/www.clos-castel.fr\/wp-content\/uploads\/2019\/03\/castel5-32-257x300.jpg 257w, https:\/\/www.clos-castel.fr\/wp-content\/uploads\/2019\/03\/castel5-32-768x895.jpg 768w, https:\/\/www.clos-castel.fr\/wp-content\/uploads\/2019\/03\/castel5-32-879x1024.jpg 879w, https:\/\/www.clos-castel.fr\/wp-content\/uploads\/2019\/03\/castel5-32-440x513.jpg 440w\" sizes=\"(max-width: 1716px) 100vw, 1716px\" \/>\t\t\t\t\t\t\t\t\t\t\t\t\t\t\t<\/div>\n\t\t\t\t<\/div>\n\t\t\t\t\t<\/div>\n\t\t<\/div>\n\t\t\t\t<div class=\"elementor-column elementor-col-50 elementor-top-column elementor-element elementor-element-7c70d63\" data-id=\"7c70d63\" data-element_type=\"column\">\n\t\t\t<div class=\"elementor-widget-wrap elementor-element-populated\">\n\t\t\t\t\t\t\t\t<div class=\"elementor-element elementor-element-d33e921 elementor-invisible elementor-widget elementor-widget-heading\" data-id=\"d33e921\" data-element_type=\"widget\" data-settings=\"{&quot;_animation&quot;:&quot;fadeInLeft&quot;}\" data-widget_type=\"heading.default\">\n\t\t\t\t<div class=\"elementor-widget-container\">\n\t\t\t<h3 class=\"elementor-heading-title elementor-size-default\">Since 1852<\/h3>\t\t<\/div>\n\t\t\t\t<\/div>\n\t\t\t\t<div class=\"elementor-element elementor-element-745d33b elementor-invisible elementor-widget elementor-widget-heading\" data-id=\"745d33b\" data-element_type=\"widget\" data-settings=\"{&quot;_animation&quot;:&quot;fadeInLeft&quot;}\" data-widget_type=\"heading.default\">\n\t\t\t\t<div class=\"elementor-widget-container\">\n\t\t\t<h2 class=\"elementor-heading-title elementor-size-default\">The restaurant<br>la Vieille Auberge<\/h2>\t\t<\/div>\n\t\t\t\t<\/div>\n\t\t\t\t<div class=\"elementor-element elementor-element-21091c8 elementor-invisible elementor-widget elementor-widget-text-editor\" data-id=\"21091c8\" data-element_type=\"widget\" data-settings=\"{&quot;_animation&quot;:&quot;fadeInLeft&quot;}\" data-widget_type=\"text-editor.default\">\n\t\t\t\t<div class=\"elementor-widget-container\">\n\t\t\t\t\t\t\t<p class=\"\">Pierre Ducos founded this \u00ab Auberge \u00bb in 1852. Previously located in one of the oldest streets of Casteljaloux, \u00ab La Vieille Auberge \u00bb moved to Clos Castel in March 2019, in order to improve your moments shared in our company.<\/p>\t\t\t\t\t\t<\/div>\n\t\t\t\t<\/div>\n\t\t\t\t<div class=\"elementor-element elementor-element-ba18bdc elementor-invisible elementor-widget elementor-widget-image-gallery\" data-id=\"ba18bdc\" data-element_type=\"widget\" data-settings=\"{&quot;_animation&quot;:&quot;fadeInLeft&quot;}\" data-widget_type=\"image-gallery.default\">\n\t\t\t\t<div class=\"elementor-widget-container\">\n\t\t\t\t\t<div class=\"elementor-image-gallery\">\n\t\t\t\n\t\t<style type=\"text\/css\">\n\t\t\t#gallery-1 {\n\t\t\t\tmargin: auto;\n\t\t\t}\n\t\t\t#gallery-1 .gallery-item {\n\t\t\t\tfloat: left;\n\t\t\t\tmargin-top: 10px;\n\t\t\t\ttext-align: center;\n\t\t\t\twidth: 50%;\n\t\t\t}\n\t\t\t#gallery-1 img {\n\t\t\t\tborder: 2px solid #cfcfcf;\n\t\t\t}\n\t\t\t#gallery-1 .gallery-caption {\n\t\t\t\tmargin-left: 0;\n\t\t\t}\n\t\t\t\/* see gallery_shortcode() in wp-includes\/media.php *\/\n\t\t<\/style>\n\t\t<div id='gallery-1' class='gallery galleryid-1991 gallery-columns-2 gallery-size-hoteller-gallery-list'><dl class='gallery-item'>\n\t\t\t<dt class='gallery-icon landscape'>\n\t\t\t\t<a data-elementor-open-lightbox=\"yes\" data-elementor-lightbox-slideshow=\"ba18bdc\" data-elementor-lightbox-title=\"castel5-36(2)\" data-e-action-hash=\"#elementor-action%3Aaction%3Dlightbox%26settings%3DeyJpZCI6MjYxMSwidXJsIjoiaHR0cHM6XC9cL3d3dy5jbG9zLWNhc3RlbC5mclwvd3AtY29udGVudFwvdXBsb2Fkc1wvMjAyNFwvMDNcL2Nhc3RlbDUtMzYyLXNjYWxlZC5qcGciLCJzbGlkZXNob3ciOiJiYTE4YmRjIn0%3D\" href='https:\/\/www.clos-castel.fr\/wp-content\/uploads\/2024\/03\/castel5-362-scaled.jpg'><img decoding=\"async\" width=\"610\" height=\"610\" src=\"https:\/\/www.clos-castel.fr\/wp-content\/uploads\/2024\/03\/castel5-362-610x610.jpg\" class=\"attachment-hoteller-gallery-list size-hoteller-gallery-list\" alt=\"\" srcset=\"https:\/\/www.clos-castel.fr\/wp-content\/uploads\/2024\/03\/castel5-362-610x610.jpg 610w, https:\/\/www.clos-castel.fr\/wp-content\/uploads\/2024\/03\/castel5-362-150x150.jpg 150w, https:\/\/www.clos-castel.fr\/wp-content\/uploads\/2024\/03\/castel5-362-13x12.jpg 13w\" sizes=\"(max-width: 610px) 100vw, 610px\" \/><\/a>\n\t\t\t<\/dt><\/dl><dl class='gallery-item'>\n\t\t\t<dt class='gallery-icon landscape'>\n\t\t\t\t<a data-elementor-open-lightbox=\"yes\" data-elementor-lightbox-slideshow=\"ba18bdc\" data-elementor-lightbox-title=\"WhatsApp Image 2023-11-09 at 19.02.31 (1)\" data-e-action-hash=\"#elementor-action%3Aaction%3Dlightbox%26settings%3DeyJpZCI6MjYwNiwidXJsIjoiaHR0cHM6XC9cL3d3dy5jbG9zLWNhc3RlbC5mclwvd3AtY29udGVudFwvdXBsb2Fkc1wvMjAyNFwvMDNcL1doYXRzQXBwLUltYWdlLTIwMjMtMTEtMDktYXQtMTkuMDIuMzEtMS0xLmpwZWciLCJzbGlkZXNob3ciOiJiYTE4YmRjIn0%3D\" href='https:\/\/www.clos-castel.fr\/wp-content\/uploads\/2024\/03\/WhatsApp-Image-2023-11-09-at-19.02.31-1-1.jpeg'><img decoding=\"async\" width=\"610\" height=\"610\" src=\"https:\/\/www.clos-castel.fr\/wp-content\/uploads\/2024\/03\/WhatsApp-Image-2023-11-09-at-19.02.31-1-1-610x610.jpeg\" class=\"attachment-hoteller-gallery-list size-hoteller-gallery-list\" alt=\"\" srcset=\"https:\/\/www.clos-castel.fr\/wp-content\/uploads\/2024\/03\/WhatsApp-Image-2023-11-09-at-19.02.31-1-1-610x610.jpeg 610w, https:\/\/www.clos-castel.fr\/wp-content\/uploads\/2024\/03\/WhatsApp-Image-2023-11-09-at-19.02.31-1-1-300x300.jpeg 300w, https:\/\/www.clos-castel.fr\/wp-content\/uploads\/2024\/03\/WhatsApp-Image-2023-11-09-at-19.02.31-1-1-150x150.jpeg 150w, https:\/\/www.clos-castel.fr\/wp-content\/uploads\/2024\/03\/WhatsApp-Image-2023-11-09-at-19.02.31-1-1-768x768.jpeg 768w, https:\/\/www.clos-castel.fr\/wp-content\/uploads\/2024\/03\/WhatsApp-Image-2023-11-09-at-19.02.31-1-1-12x12.jpeg 12w, https:\/\/www.clos-castel.fr\/wp-content\/uploads\/2024\/03\/WhatsApp-Image-2023-11-09-at-19.02.31-1-1-440x440.jpeg 440w, https:\/\/www.clos-castel.fr\/wp-content\/uploads\/2024\/03\/WhatsApp-Image-2023-11-09-at-19.02.31-1-1.jpeg 862w\" sizes=\"(max-width: 610px) 100vw, 610px\" \/><\/a>\n\t\t\t<\/dt><\/dl><br style=\"clear: both\" \/>\n\t\t<\/div>\n\t\t<\/div>\n\t\t\t\t<\/div>\n\t\t\t\t<\/div>\n\t\t\t\t\t<\/div>\n\t\t<\/div>\n\t\t\t\t\t\t\t<\/div>\n\t\t<\/section>\n\t\t\t\t<section class=\"elementor-section elementor-top-section elementor-element elementor-element-c22dc25 elementor-section-boxed elementor-section-height-default elementor-section-height-default\" data-id=\"c22dc25\" data-element_type=\"section\">\n\t\t\t\t\t\t<div class=\"elementor-container elementor-column-gap-default\">\n\t\t\t\t\t<div class=\"elementor-column elementor-col-33 elementor-top-column elementor-element elementor-element-f1dd9d1\" data-id=\"f1dd9d1\" data-element_type=\"column\">\n\t\t\t<div class=\"elementor-widget-wrap elementor-element-populated\">\n\t\t\t\t\t\t\t\t<div class=\"elementor-element elementor-element-efe0d1b elementor-invisible elementor-widget elementor-widget-heading\" data-id=\"efe0d1b\" data-element_type=\"widget\" data-settings=\"{&quot;_animation&quot;:&quot;fadeInRight&quot;}\" data-widget_type=\"heading.default\">\n\t\t\t\t<div class=\"elementor-widget-container\">\n\t\t\t<h2 class=\"elementor-heading-title elementor-size-default\">A<\/h2>\t\t<\/div>\n\t\t\t\t<\/div>\n\t\t\t\t<div class=\"elementor-element elementor-element-e960daf elementor-invisible elementor-widget elementor-widget-heading\" data-id=\"e960daf\" data-element_type=\"widget\" data-settings=\"{&quot;_animation&quot;:&quot;fadeInRight&quot;}\" data-widget_type=\"heading.default\">\n\t\t\t\t<div class=\"elementor-widget-container\">\n\t\t\t<h2 class=\"elementor-heading-title elementor-size-default\">\u00ab Gourmet Cuisine \u00bb<\/h2>\t\t<\/div>\n\t\t\t\t<\/div>\n\t\t\t\t<div class=\"elementor-element elementor-element-1adbd14 elementor-invisible elementor-widget elementor-widget-text-editor\" data-id=\"1adbd14\" data-element_type=\"widget\" data-settings=\"{&quot;_animation&quot;:&quot;fadeInRight&quot;}\" data-widget_type=\"text-editor.default\">\n\t\t\t\t<div class=\"elementor-widget-container\">\n\t\t\t\t\t\t\t<p>The Chef offers you a gourmet cuisine in a friendly and rafined atmosphere.<\/p><p>You will be proposed a large selection of local wines, famous french wines like Bourgogne, C\u00f4tes-du-Rh\u00f4ne, Loire, Languedoc and of course Bordeaux.<\/p><p>It should be noted that the content of the Market Menu is subject to change depending on the supply of raw materials.\u00a0<\/p>\t\t\t\t\t\t<\/div>\n\t\t\t\t<\/div>\n\t\t\t\t<div class=\"elementor-element elementor-element-f0556ba elementor-widget elementor-widget-spacer\" data-id=\"f0556ba\" data-element_type=\"widget\" data-widget_type=\"spacer.default\">\n\t\t\t\t<div class=\"elementor-widget-container\">\n\t\t\t\t\t<div class=\"elementor-spacer\">\n\t\t\t<div class=\"elementor-spacer-inner\"><\/div>\n\t\t<\/div>\n\t\t\t\t<\/div>\n\t\t\t\t<\/div>\n\t\t\t\t<div class=\"elementor-element elementor-element-4896682 elementor-align-center elementor-invisible elementor-widget elementor-widget-button\" data-id=\"4896682\" data-element_type=\"widget\" data-settings=\"{&quot;_animation&quot;:&quot;fadeInUp&quot;}\" data-widget_type=\"button.default\">\n\t\t\t\t<div class=\"elementor-widget-container\">\n\t\t\t\t\t<div class=\"elementor-button-wrapper\">\n\t\t\t<a class=\"elementor-button elementor-button-link elementor-size-sm elementor-animation-shrink\" href=\"https:\/\/www.clos-castel.fr\/wp-content\/uploads\/2026\/02\/CarteVA.pdf\" target=\"_blank\">\n\t\t\t\t\t\t<span class=\"elementor-button-content-wrapper\">\n\t\t\t\t\t\t<span class=\"elementor-button-text\">The menu<\/span>\n\t\t<\/span>\n\t\t\t\t\t<\/a>\n\t\t<\/div>\n\t\t\t\t<\/div>\n\t\t\t\t<\/div>\n\t\t\t\t<div class=\"elementor-element elementor-element-59982e9 elementor-align-center elementor-invisible elementor-widget elementor-widget-button\" data-id=\"59982e9\" data-element_type=\"widget\" data-settings=\"{&quot;_animation&quot;:&quot;fadeInUp&quot;}\" data-widget_type=\"button.default\">\n\t\t\t\t<div class=\"elementor-widget-container\">\n\t\t\t\t\t<div class=\"elementor-button-wrapper\">\n\t\t\t<a class=\"elementor-button elementor-button-link elementor-size-sm elementor-animation-shrink\" href=\"https:\/\/www.clos-castel.fr\/wp-content\/uploads\/2024\/12\/CarteVinVA.pdf\" target=\"_blank\">\n\t\t\t\t\t\t<span class=\"elementor-button-content-wrapper\">\n\t\t\t\t\t\t<span class=\"elementor-button-text\">The wine list<\/span>\n\t\t<\/span>\n\t\t\t\t\t<\/a>\n\t\t<\/div>\n\t\t\t\t<\/div>\n\t\t\t\t<\/div>\n\t\t\t\t<div class=\"elementor-element elementor-element-30e78c9 elementor-align-center elementor-invisible elementor-widget elementor-widget-button\" data-id=\"30e78c9\" data-element_type=\"widget\" data-settings=\"{&quot;_animation&quot;:&quot;fadeInUp&quot;}\" data-widget_type=\"button.default\">\n\t\t\t\t<div class=\"elementor-widget-container\">\n\t\t\t\t\t<div class=\"elementor-button-wrapper\">\n\t\t\t<a class=\"elementor-button elementor-button-link elementor-size-sm elementor-animation-shrink\" href=\"https:\/\/www.clos-castel.fr\/wp-content\/uploads\/2024\/12\/CarteAperitifVA.pdf\" target=\"_blank\">\n\t\t\t\t\t\t<span class=\"elementor-button-content-wrapper\">\n\t\t\t\t\t\t<span class=\"elementor-button-text\">Aperitif menu<\/span>\n\t\t<\/span>\n\t\t\t\t\t<\/a>\n\t\t<\/div>\n\t\t\t\t<\/div>\n\t\t\t\t<\/div>\n\t\t\t\t\t<\/div>\n\t\t<\/div>\n\t\t\t\t<div class=\"elementor-column elementor-col-66 elementor-top-column elementor-element elementor-element-a9ecdd1\" data-id=\"a9ecdd1\" data-element_type=\"column\">\n\t\t\t<div class=\"elementor-widget-wrap elementor-element-populated\">\n\t\t\t\t\t\t\t\t<div class=\"elementor-element elementor-element-27df83d elementor-invisible elementor-widget elementor-widget-image\" data-id=\"27df83d\" data-element_type=\"widget\" data-settings=\"{&quot;_animation&quot;:&quot;slideInRight&quot;}\" data-widget_type=\"image.default\">\n\t\t\t\t<div class=\"elementor-widget-container\">\n\t\t\t\t\t\t\t\t\t\t\t\t\t\t\t<img loading=\"lazy\" decoding=\"async\" width=\"600\" height=\"400\" src=\"https:\/\/www.clos-castel.fr\/wp-content\/uploads\/2024\/03\/terrasse-1.jpg\" class=\"attachment-large size-large wp-image-2605\" alt=\"\" srcset=\"https:\/\/www.clos-castel.fr\/wp-content\/uploads\/2024\/03\/terrasse-1.jpg 600w, https:\/\/www.clos-castel.fr\/wp-content\/uploads\/2024\/03\/terrasse-1-300x200.jpg 300w, https:\/\/www.clos-castel.fr\/wp-content\/uploads\/2024\/03\/terrasse-1-18x12.jpg 18w, https:\/\/www.clos-castel.fr\/wp-content\/uploads\/2024\/03\/terrasse-1-440x293.jpg 440w\" sizes=\"(max-width: 600px) 100vw, 600px\" \/>\t\t\t\t\t\t\t\t\t\t\t\t\t\t\t<\/div>\n\t\t\t\t<\/div>\n\t\t\t\t\t<\/div>\n\t\t<\/div>\n\t\t\t\t\t\t\t<\/div>\n\t\t<\/section>\n\t\t\t\t<section class=\"elementor-section elementor-top-section elementor-element elementor-element-2857a1b elementor-section-boxed elementor-section-height-default elementor-section-height-default\" data-id=\"2857a1b\" data-element_type=\"section\">\n\t\t\t\t\t\t<div class=\"elementor-container elementor-column-gap-default\">\n\t\t\t\t\t<div class=\"elementor-column elementor-col-100 elementor-top-column elementor-element elementor-element-9215a7f\" data-id=\"9215a7f\" data-element_type=\"column\">\n\t\t\t<div class=\"elementor-widget-wrap elementor-element-populated\">\n\t\t\t\t\t\t\t\t<div class=\"elementor-element elementor-element-5a66896 elementor-widget elementor-widget-heading\" data-id=\"5a66896\" data-element_type=\"widget\" data-widget_type=\"heading.default\">\n\t\t\t\t<div class=\"elementor-widget-container\">\n\t\t\t<p class=\"elementor-heading-title elementor-size-medium\">For booking and enquieries<\/p>\t\t<\/div>\n\t\t\t\t<\/div>\n\t\t\t\t<div class=\"elementor-element elementor-element-93dc7f7 elementor-widget elementor-widget-text-editor\" data-id=\"93dc7f7\" data-element_type=\"widget\" data-widget_type=\"text-editor.default\">\n\t\t\t\t<div class=\"elementor-widget-container\">\n\t\t\t\t\t\t\t<h2>05 53 93 01 36<\/h2>\t\t\t\t\t\t<\/div>\n\t\t\t\t<\/div>\n\t\t\t\t\t<\/div>\n\t\t<\/div>\n\t\t\t\t\t\t\t<\/div>\n\t\t<\/section>\n\t\t\t\t<section class=\"elementor-section elementor-top-section elementor-element elementor-element-f0a1e50 elementor-section-boxed elementor-section-height-default elementor-section-height-default\" data-id=\"f0a1e50\" data-element_type=\"section\">\n\t\t\t\t\t\t<div class=\"elementor-container elementor-column-gap-default\">\n\t\t\t\t\t<div class=\"elementor-column elementor-col-100 elementor-top-column elementor-element elementor-element-faaa892\" data-id=\"faaa892\" data-element_type=\"column\">\n\t\t\t<div class=\"elementor-widget-wrap\">\n\t\t\t\t\t\t\t\t\t<\/div>\n\t\t<\/div>\n\t\t\t\t\t\t\t<\/div>\n\t\t<\/section>\n\t\t\t\t<section class=\"elementor-section elementor-top-section elementor-element elementor-element-b468b50 elementor-section-boxed elementor-section-height-default elementor-section-height-default\" data-id=\"b468b50\" data-element_type=\"section\">\n\t\t\t\t\t\t<div class=\"elementor-container elementor-column-gap-default\">\n\t\t\t\t\t<div class=\"elementor-column elementor-col-100 elementor-top-column elementor-element elementor-element-6cce783\" data-id=\"6cce783\" data-element_type=\"column\">\n\t\t\t<div class=\"elementor-widget-wrap elementor-element-populated\">\n\t\t\t\t\t\t\t\t<section class=\"elementor-section elementor-inner-section elementor-element elementor-element-c67d9cc elementor-section-boxed elementor-section-height-default elementor-section-height-default\" data-id=\"c67d9cc\" data-element_type=\"section\">\n\t\t\t\t\t\t<div class=\"elementor-container elementor-column-gap-default\">\n\t\t\t\t\t<div class=\"elementor-column elementor-col-50 elementor-inner-column elementor-element elementor-element-e427d5d\" data-id=\"e427d5d\" data-element_type=\"column\">\n\t\t\t<div class=\"elementor-widget-wrap\">\n\t\t\t\t\t\t\t\t\t<\/div>\n\t\t<\/div>\n\t\t\t\t<div class=\"elementor-column elementor-col-50 elementor-inner-column elementor-element elementor-element-25f48d4\" data-id=\"25f48d4\" data-element_type=\"column\">\n\t\t\t<div class=\"elementor-widget-wrap\">\n\t\t\t\t\t\t\t\t\t<\/div>\n\t\t<\/div>\n\t\t\t\t\t\t\t<\/div>\n\t\t<\/section>\n\t\t\t\t\t<\/div>\n\t\t<\/div>\n\t\t\t\t\t\t\t<\/div>\n\t\t<\/section>\n\t\t\t\t\t\t\t<\/div>","protected":false},"excerpt":{"rendered":"<p>Depuis 1852 Le restaurantla Vieille Auberge Pierre Ducos fonda cette auberge en 1852. Anciennement situ\u00e9e dans une des plus vieilles rues pav\u00e9es de Casteljaloux, c&rsquo;est en 2019 que l&rsquo;\u00e2me de la Vieille Auberge fut transport\u00e9e dans de nouveaux locaux dans [&hellip;]<\/p>\n","protected":false},"author":1,"featured_media":0,"parent":0,"menu_order":0,"comment_status":"closed","ping_status":"closed","template":"","meta":{"footnotes":""},"class_list":["post-1991","page","type-page","status-publish","hentry"],"yoast_head":"<!-- This site is optimized with the Yoast SEO plugin v26.8 - https:\/\/yoast.com\/product\/yoast-seo-wordpress\/ -->\n<title>Le Restaurant - Clos Castel<\/title>\n<meta name=\"robots\" content=\"index, follow, max-snippet:-1, max-image-preview:large, max-video-preview:-1\" \/>\n<link rel=\"canonical\" href=\"https:\/\/www.clos-castel.fr\/en\/le-restaurant\/\" \/>\n<meta property=\"og:locale\" content=\"en_GB\" \/>\n<meta property=\"og:type\" content=\"article\" \/>\n<meta property=\"og:title\" content=\"Le Restaurant - Clos Castel\" \/>\n<meta property=\"og:description\" content=\"Depuis 1852 Le restaurantla Vieille Auberge Pierre Ducos fonda cette auberge en 1852. Anciennement situ\u00e9e dans une des plus vieilles rues pav\u00e9es de Casteljaloux, c&rsquo;est en 2019 que l&rsquo;\u00e2me de la Vieille Auberge fut transport\u00e9e dans de nouveaux locaux dans [&hellip;]\" \/>\n<meta property=\"og:url\" content=\"https:\/\/www.clos-castel.fr\/en\/le-restaurant\/\" \/>\n<meta property=\"og:site_name\" content=\"Clos Castel\" \/>\n<meta property=\"article:modified_time\" content=\"2026-02-16T16:50:23+00:00\" \/>\n<meta property=\"og:image\" content=\"https:\/\/www.clos-castel.fr\/wp-content\/uploads\/2019\/03\/castel5-32.jpg\" \/>\n\t<meta property=\"og:image:width\" content=\"1716\" \/>\n\t<meta property=\"og:image:height\" content=\"2000\" \/>\n\t<meta property=\"og:image:type\" content=\"image\/jpeg\" \/>\n<meta name=\"twitter:card\" content=\"summary_large_image\" \/>\n<meta name=\"twitter:label1\" content=\"Estimated reading time\" \/>\n\t<meta name=\"twitter:data1\" content=\"2 minutes\" \/>\n<script type=\"application\/ld+json\" class=\"yoast-schema-graph\">{\"@context\":\"https:\/\/schema.org\",\"@graph\":[{\"@type\":\"WebPage\",\"@id\":\"https:\/\/www.clos-castel.fr\/le-restaurant\/\",\"url\":\"https:\/\/www.clos-castel.fr\/le-restaurant\/\",\"name\":\"Le Restaurant - Clos Castel\",\"isPartOf\":{\"@id\":\"https:\/\/www.clos-castel.fr\/#website\"},\"primaryImageOfPage\":{\"@id\":\"https:\/\/www.clos-castel.fr\/le-restaurant\/#primaryimage\"},\"image\":{\"@id\":\"https:\/\/www.clos-castel.fr\/le-restaurant\/#primaryimage\"},\"thumbnailUrl\":\"https:\/\/www.clos-castel.fr\/wp-content\/uploads\/2019\/03\/castel5-32.jpg\",\"datePublished\":\"2019-03-19T16:00:58+00:00\",\"dateModified\":\"2026-02-16T16:50:23+00:00\",\"breadcrumb\":{\"@id\":\"https:\/\/www.clos-castel.fr\/le-restaurant\/#breadcrumb\"},\"inLanguage\":\"en-GB\",\"potentialAction\":[{\"@type\":\"ReadAction\",\"target\":[\"https:\/\/www.clos-castel.fr\/le-restaurant\/\"]}]},{\"@type\":\"ImageObject\",\"inLanguage\":\"en-GB\",\"@id\":\"https:\/\/www.clos-castel.fr\/le-restaurant\/#primaryimage\",\"url\":\"https:\/\/www.clos-castel.fr\/wp-content\/uploads\/2019\/03\/castel5-32.jpg\",\"contentUrl\":\"https:\/\/www.clos-castel.fr\/wp-content\/uploads\/2019\/03\/castel5-32.jpg\"},{\"@type\":\"BreadcrumbList\",\"@id\":\"https:\/\/www.clos-castel.fr\/le-restaurant\/#breadcrumb\",\"itemListElement\":[{\"@type\":\"ListItem\",\"position\":1,\"name\":\"Accueil\",\"item\":\"https:\/\/www.clos-castel.fr\/\"},{\"@type\":\"ListItem\",\"position\":2,\"name\":\"Le Restaurant\"}]},{\"@type\":\"WebSite\",\"@id\":\"https:\/\/www.clos-castel.fr\/#website\",\"url\":\"https:\/\/www.clos-castel.fr\/\",\"name\":\"Clos Castel\",\"description\":\"Un h\u00f4tel de charme au c\u0153ur du Lot-et-Garonne\",\"publisher\":{\"@id\":\"https:\/\/www.clos-castel.fr\/#organization\"},\"potentialAction\":[{\"@type\":\"SearchAction\",\"target\":{\"@type\":\"EntryPoint\",\"urlTemplate\":\"https:\/\/www.clos-castel.fr\/?s={search_term_string}\"},\"query-input\":{\"@type\":\"PropertyValueSpecification\",\"valueRequired\":true,\"valueName\":\"search_term_string\"}}],\"inLanguage\":\"en-GB\"},{\"@type\":\"Organization\",\"@id\":\"https:\/\/www.clos-castel.fr\/#organization\",\"name\":\"Clos Castel\",\"url\":\"https:\/\/www.clos-castel.fr\/\",\"logo\":{\"@type\":\"ImageObject\",\"inLanguage\":\"en-GB\",\"@id\":\"https:\/\/www.clos-castel.fr\/#\/schema\/logo\/image\/\",\"url\":\"https:\/\/www.clos-castel.fr\/wp-content\/uploads\/2019\/03\/logo_black-1.png\",\"contentUrl\":\"https:\/\/www.clos-castel.fr\/wp-content\/uploads\/2019\/03\/logo_black-1.png\",\"width\":198,\"height\":86,\"caption\":\"Clos Castel\"},\"image\":{\"@id\":\"https:\/\/www.clos-castel.fr\/#\/schema\/logo\/image\/\"}}]}<\/script>\n<!-- \/ Yoast SEO plugin. -->","yoast_head_json":{"title":"Le Restaurant - Clos Castel","robots":{"index":"index","follow":"follow","max-snippet":"max-snippet:-1","max-image-preview":"max-image-preview:large","max-video-preview":"max-video-preview:-1"},"canonical":"https:\/\/www.clos-castel.fr\/en\/le-restaurant\/","og_locale":"en_GB","og_type":"article","og_title":"Le Restaurant - Clos Castel","og_description":"Depuis 1852 Le restaurantla Vieille Auberge Pierre Ducos fonda cette auberge en 1852. Anciennement situ\u00e9e dans une des plus vieilles rues pav\u00e9es de Casteljaloux, c&rsquo;est en 2019 que l&rsquo;\u00e2me de la Vieille Auberge fut transport\u00e9e dans de nouveaux locaux dans [&hellip;]","og_url":"https:\/\/www.clos-castel.fr\/en\/le-restaurant\/","og_site_name":"Clos Castel","article_modified_time":"2026-02-16T16:50:23+00:00","og_image":[{"width":1716,"height":2000,"url":"https:\/\/www.clos-castel.fr\/wp-content\/uploads\/2019\/03\/castel5-32.jpg","type":"image\/jpeg"}],"twitter_card":"summary_large_image","twitter_misc":{"Estimated reading time":"2 minutes"},"schema":{"@context":"https:\/\/schema.org","@graph":[{"@type":"WebPage","@id":"https:\/\/www.clos-castel.fr\/le-restaurant\/","url":"https:\/\/www.clos-castel.fr\/le-restaurant\/","name":"Le Restaurant - Clos Castel","isPartOf":{"@id":"https:\/\/www.clos-castel.fr\/#website"},"primaryImageOfPage":{"@id":"https:\/\/www.clos-castel.fr\/le-restaurant\/#primaryimage"},"image":{"@id":"https:\/\/www.clos-castel.fr\/le-restaurant\/#primaryimage"},"thumbnailUrl":"https:\/\/www.clos-castel.fr\/wp-content\/uploads\/2019\/03\/castel5-32.jpg","datePublished":"2019-03-19T16:00:58+00:00","dateModified":"2026-02-16T16:50:23+00:00","breadcrumb":{"@id":"https:\/\/www.clos-castel.fr\/le-restaurant\/#breadcrumb"},"inLanguage":"en-GB","potentialAction":[{"@type":"ReadAction","target":["https:\/\/www.clos-castel.fr\/le-restaurant\/"]}]},{"@type":"ImageObject","inLanguage":"en-GB","@id":"https:\/\/www.clos-castel.fr\/le-restaurant\/#primaryimage","url":"https:\/\/www.clos-castel.fr\/wp-content\/uploads\/2019\/03\/castel5-32.jpg","contentUrl":"https:\/\/www.clos-castel.fr\/wp-content\/uploads\/2019\/03\/castel5-32.jpg"},{"@type":"BreadcrumbList","@id":"https:\/\/www.clos-castel.fr\/le-restaurant\/#breadcrumb","itemListElement":[{"@type":"ListItem","position":1,"name":"Accueil","item":"https:\/\/www.clos-castel.fr\/"},{"@type":"ListItem","position":2,"name":"Le Restaurant"}]},{"@type":"WebSite","@id":"https:\/\/www.clos-castel.fr\/#website","url":"https:\/\/www.clos-castel.fr\/","name":"Clos Castel","description":"A charming hotel in the heart of Lot-et-Garonne","publisher":{"@id":"https:\/\/www.clos-castel.fr\/#organization"},"potentialAction":[{"@type":"SearchAction","target":{"@type":"EntryPoint","urlTemplate":"https:\/\/www.clos-castel.fr\/?s={search_term_string}"},"query-input":{"@type":"PropertyValueSpecification","valueRequired":true,"valueName":"search_term_string"}}],"inLanguage":"en-GB"},{"@type":"Organization","@id":"https:\/\/www.clos-castel.fr\/#organization","name":"Clos Castel","url":"https:\/\/www.clos-castel.fr\/","logo":{"@type":"ImageObject","inLanguage":"en-GB","@id":"https:\/\/www.clos-castel.fr\/#\/schema\/logo\/image\/","url":"https:\/\/www.clos-castel.fr\/wp-content\/uploads\/2019\/03\/logo_black-1.png","contentUrl":"https:\/\/www.clos-castel.fr\/wp-content\/uploads\/2019\/03\/logo_black-1.png","width":198,"height":86,"caption":"Clos Castel"},"image":{"@id":"https:\/\/www.clos-castel.fr\/#\/schema\/logo\/image\/"}}]}},"_links":{"self":[{"href":"https:\/\/www.clos-castel.fr\/en\/wp-json\/wp\/v2\/pages\/1991","targetHints":{"allow":["GET"]}}],"collection":[{"href":"https:\/\/www.clos-castel.fr\/en\/wp-json\/wp\/v2\/pages"}],"about":[{"href":"https:\/\/www.clos-castel.fr\/en\/wp-json\/wp\/v2\/types\/page"}],"author":[{"embeddable":true,"href":"https:\/\/www.clos-castel.fr\/en\/wp-json\/wp\/v2\/users\/1"}],"replies":[{"embeddable":true,"href":"https:\/\/www.clos-castel.fr\/en\/wp-json\/wp\/v2\/comments?post=1991"}],"version-history":[{"count":396,"href":"https:\/\/www.clos-castel.fr\/en\/wp-json\/wp\/v2\/pages\/1991\/revisions"}],"predecessor-version":[{"id":3362,"href":"https:\/\/www.clos-castel.fr\/en\/wp-json\/wp\/v2\/pages\/1991\/revisions\/3362"}],"wp:attachment":[{"href":"https:\/\/www.clos-castel.fr\/en\/wp-json\/wp\/v2\/media?parent=1991"}],"curies":[{"name":"wp","href":"https:\/\/api.w.org\/{rel}","templated":true}]}}