{"id":2975,"date":"2024-11-24T17:55:12","date_gmt":"2024-11-24T16:55:12","guid":{"rendered":"https:\/\/www.clos-castel.fr\/?page_id=2975"},"modified":"2026-03-15T08:23:08","modified_gmt":"2026-03-15T07:23:08","slug":"sejour-gourmand","status":"publish","type":"page","link":"https:\/\/www.clos-castel.fr\/en\/offres-loisirs\/sejour-gourmand\/","title":{"rendered":"Relaxing gourmet duo stay"},"content":{"rendered":"<div data-elementor-type=\"wp-post\" data-elementor-id=\"2975\" class=\"elementor elementor-2975\">\n\t\t\t\t\t\t\t\t\t<section class=\"elementor-section elementor-top-section elementor-element elementor-element-4b95e0c elementor-section-boxed elementor-section-height-default elementor-section-height-default\" data-id=\"4b95e0c\" data-element_type=\"section\">\n\t\t\t\t\t\t<div class=\"elementor-container elementor-column-gap-default\">\n\t\t\t\t\t<div class=\"elementor-column elementor-col-100 elementor-top-column elementor-element elementor-element-3e7e94a\" data-id=\"3e7e94a\" data-element_type=\"column\">\n\t\t\t<div class=\"elementor-widget-wrap elementor-element-populated\">\n\t\t\t\t\t\t\t\t<div class=\"elementor-element elementor-element-745d33b elementor-invisible elementor-widget elementor-widget-heading\" data-id=\"745d33b\" data-element_type=\"widget\" data-settings=\"{&quot;_animation&quot;:&quot;fadeInRight&quot;}\" data-widget_type=\"heading.default\">\n\t\t\t\t<div class=\"elementor-widget-container\">\n\t\t\t<h2 class=\"elementor-heading-title elementor-size-xl\">Offers - Relaxing gourmet duo stay<\/h2>\t\t<\/div>\n\t\t\t\t<\/div>\n\t\t\t\t\t<\/div>\n\t\t<\/div>\n\t\t\t\t\t\t\t<\/div>\n\t\t<\/section>\n\t\t\t\t<section class=\"elementor-section elementor-top-section elementor-element elementor-element-5117432 elementor-section-boxed elementor-section-height-default elementor-section-height-default\" data-id=\"5117432\" data-element_type=\"section\">\n\t\t\t\t\t\t<div class=\"elementor-container elementor-column-gap-default\">\n\t\t\t\t\t<div class=\"elementor-column elementor-col-100 elementor-top-column elementor-element elementor-element-c71a331\" data-id=\"c71a331\" data-element_type=\"column\">\n\t\t\t<div class=\"elementor-widget-wrap elementor-element-populated\">\n\t\t\t\t\t\t\t\t<div class=\"elementor-element elementor-element-21091c8 elementor-invisible elementor-widget elementor-widget-text-editor\" data-id=\"21091c8\" data-element_type=\"widget\" data-settings=\"{&quot;_animation&quot;:&quot;fadeInRight&quot;}\" data-widget_type=\"text-editor.default\">\n\t\t\t\t<div class=\"elementor-widget-container\">\n\t\t\t\t\t\t\t<p>If you're looking for a relaxing, gourmet getaway for two, you've come to the right place!<\/p>\t\t\t\t\t\t<\/div>\n\t\t\t\t<\/div>\n\t\t\t\t<div class=\"elementor-element elementor-element-d0b1f48 elementor-widget elementor-widget-image\" data-id=\"d0b1f48\" data-element_type=\"widget\" data-widget_type=\"image.default\">\n\t\t\t\t<div class=\"elementor-widget-container\">\n\t\t\t\t\t\t\t\t\t\t\t\t\t\t\t<img fetchpriority=\"high\" decoding=\"async\" width=\"1500\" height=\"650\" src=\"https:\/\/www.clos-castel.fr\/wp-content\/uploads\/2024\/11\/Sejour-gourmand-site-web-PHOTO-ang.png\" class=\"attachment-full size-full wp-image-2979\" alt=\"\" srcset=\"https:\/\/www.clos-castel.fr\/wp-content\/uploads\/2024\/11\/Sejour-gourmand-site-web-PHOTO-ang.png 1500w, https:\/\/www.clos-castel.fr\/wp-content\/uploads\/2024\/11\/Sejour-gourmand-site-web-PHOTO-ang-300x130.png 300w, https:\/\/www.clos-castel.fr\/wp-content\/uploads\/2024\/11\/Sejour-gourmand-site-web-PHOTO-ang-1024x444.png 1024w, https:\/\/www.clos-castel.fr\/wp-content\/uploads\/2024\/11\/Sejour-gourmand-site-web-PHOTO-ang-768x333.png 768w, https:\/\/www.clos-castel.fr\/wp-content\/uploads\/2024\/11\/Sejour-gourmand-site-web-PHOTO-ang-18x8.png 18w, https:\/\/www.clos-castel.fr\/wp-content\/uploads\/2024\/11\/Sejour-gourmand-site-web-PHOTO-ang-440x191.png 440w\" sizes=\"(max-width: 1500px) 100vw, 1500px\" \/>\t\t\t\t\t\t\t\t\t\t\t\t\t\t\t<\/div>\n\t\t\t\t<\/div>\n\t\t\t\t\t<\/div>\n\t\t<\/div>\n\t\t\t\t\t\t\t<\/div>\n\t\t<\/section>\n\t\t\t\t<section class=\"elementor-section elementor-top-section elementor-element elementor-element-d196c1b elementor-section-boxed elementor-section-height-default elementor-section-height-default\" data-id=\"d196c1b\" data-element_type=\"section\">\n\t\t\t\t\t\t<div class=\"elementor-container elementor-column-gap-default\">\n\t\t\t\t\t<div class=\"elementor-column elementor-col-100 elementor-top-column elementor-element elementor-element-e6101a5\" data-id=\"e6101a5\" data-element_type=\"column\">\n\t\t\t<div class=\"elementor-widget-wrap elementor-element-populated\">\n\t\t\t\t\t\t\t\t<div class=\"elementor-element elementor-element-44f27ff elementor-widget elementor-widget-spacer\" data-id=\"44f27ff\" data-element_type=\"widget\" data-widget_type=\"spacer.default\">\n\t\t\t\t<div class=\"elementor-widget-container\">\n\t\t\t\t\t<div class=\"elementor-spacer\">\n\t\t\t<div class=\"elementor-spacer-inner\"><\/div>\n\t\t<\/div>\n\t\t\t\t<\/div>\n\t\t\t\t<\/div>\n\t\t\t\t\t<\/div>\n\t\t<\/div>\n\t\t\t\t\t\t\t<\/div>\n\t\t<\/section>\n\t\t\t\t<section class=\"elementor-section elementor-top-section elementor-element elementor-element-14720ed elementor-section-boxed elementor-section-height-default elementor-section-height-default\" data-id=\"14720ed\" data-element_type=\"section\">\n\t\t\t\t\t\t<div class=\"elementor-container elementor-column-gap-default\">\n\t\t\t\t\t<div class=\"elementor-column elementor-col-100 elementor-top-column elementor-element elementor-element-1d79f55\" data-id=\"1d79f55\" data-element_type=\"column\">\n\t\t\t<div class=\"elementor-widget-wrap elementor-element-populated\">\n\t\t\t\t\t\t\t\t<div class=\"elementor-element elementor-element-55b85fd elementor-widget elementor-widget-text-editor\" data-id=\"55b85fd\" data-element_type=\"widget\" data-widget_type=\"text-editor.default\">\n\t\t\t\t<div class=\"elementor-widget-container\">\n\t\t\t\t\t\t\t<p><strong>The gourmet and relaxing duo stay offers :<\/strong><\/p>\n<ul>\n<li>1 night in a Comfort Double Room or a T2 Villa<\/li>\n<li>1 90-minute access to the hotel spa, to be booked in advance<\/li>\n<li>2 buffet breakfasts<\/li>\n<li>2 dinners at the gourmet restaurant La Vieille Auberge, with wine and food pairings, coffee and aperitif<\/li>\n<\/ul>\n<p>The rate is <strong>330\u20ac<\/strong> for two people in low season (November to March).<\/p>\n<p>The rate is <strong>345\u20ac<\/strong> for two people in high season (April to October).<\/p>\t\t\t\t\t\t<\/div>\n\t\t\t\t<\/div>\n\t\t\t\t\t<\/div>\n\t\t<\/div>\n\t\t\t\t\t\t\t<\/div>\n\t\t<\/section>\n\t\t\t\t<section class=\"elementor-section elementor-top-section elementor-element elementor-element-8d36434 elementor-section-boxed elementor-section-height-default elementor-section-height-default\" data-id=\"8d36434\" data-element_type=\"section\">\n\t\t\t\t\t\t<div class=\"elementor-container elementor-column-gap-default\">\n\t\t\t\t\t<div class=\"elementor-column elementor-col-100 elementor-top-column elementor-element elementor-element-c62cbd9\" data-id=\"c62cbd9\" data-element_type=\"column\">\n\t\t\t<div class=\"elementor-widget-wrap elementor-element-populated\">\n\t\t\t\t\t\t\t\t<div class=\"elementor-element elementor-element-f024ff1 elementor-widget elementor-widget-image\" data-id=\"f024ff1\" data-element_type=\"widget\" data-widget_type=\"image.default\">\n\t\t\t\t<div class=\"elementor-widget-container\">\n\t\t\t\t\t\t\t\t\t\t\t\t\t\t\t\t<a href=\"http:\/\/premium.logishotels.com\/reservit\/reserhotel.php?action=resa&#038;id=233&#038;hotelid=456762&#038;rateid=3899350&#038;ratecustid=233&#038;nbpax=2\">\n\t\t\t\t\t\t\t<img decoding=\"async\" width=\"768\" height=\"333\" src=\"https:\/\/www.clos-castel.fr\/wp-content\/uploads\/2024\/11\/Bouton-reservation-site-web-768x333.png\" class=\"attachment-medium_large size-medium_large wp-image-2983\" alt=\"\" srcset=\"https:\/\/www.clos-castel.fr\/wp-content\/uploads\/2024\/11\/Bouton-reservation-site-web-768x333.png 768w, https:\/\/www.clos-castel.fr\/wp-content\/uploads\/2024\/11\/Bouton-reservation-site-web-300x130.png 300w, https:\/\/www.clos-castel.fr\/wp-content\/uploads\/2024\/11\/Bouton-reservation-site-web-1024x444.png 1024w, https:\/\/www.clos-castel.fr\/wp-content\/uploads\/2024\/11\/Bouton-reservation-site-web-18x8.png 18w, https:\/\/www.clos-castel.fr\/wp-content\/uploads\/2024\/11\/Bouton-reservation-site-web-440x191.png 440w, https:\/\/www.clos-castel.fr\/wp-content\/uploads\/2024\/11\/Bouton-reservation-site-web.png 1500w\" sizes=\"(max-width: 768px) 100vw, 768px\" \/>\t\t\t\t\t\t\t\t<\/a>\n\t\t\t\t\t\t\t\t\t\t\t\t\t\t\t<\/div>\n\t\t\t\t<\/div>\n\t\t\t\t\t<\/div>\n\t\t<\/div>\n\t\t\t\t\t\t\t<\/div>\n\t\t<\/section>\n\t\t\t\t<section class=\"elementor-section elementor-top-section elementor-element elementor-element-20afef3 elementor-section-boxed elementor-section-height-default elementor-section-height-default\" data-id=\"20afef3\" data-element_type=\"section\">\n\t\t\t\t\t\t<div class=\"elementor-container elementor-column-gap-default\">\n\t\t\t\t\t<div class=\"elementor-column elementor-col-100 elementor-top-column elementor-element elementor-element-258ff50\" data-id=\"258ff50\" data-element_type=\"column\">\n\t\t\t<div class=\"elementor-widget-wrap elementor-element-populated\">\n\t\t\t\t\t\t\t\t<div class=\"elementor-element elementor-element-7b98e3c elementor-invisible elementor-widget elementor-widget-text-editor\" data-id=\"7b98e3c\" data-element_type=\"widget\" data-settings=\"{&quot;_animation&quot;:&quot;fadeInUp&quot;}\" data-widget_type=\"text-editor.default\">\n\t\t\t\t<div class=\"elementor-widget-container\">\n\t\t\t\t\t\t\t<section class=\"elementor-section elementor-top-section elementor-element elementor-element-20afef3 elementor-section-boxed elementor-section-height-default elementor-section-height-default\" data-id=\"20afef3\" data-element_type=\"section\"><div class=\"elementor-container elementor-column-gap-default\"><div class=\"elementor-column elementor-col-100 elementor-top-column elementor-element elementor-element-258ff50\" data-id=\"258ff50\" data-element_type=\"column\"><div class=\"elementor-widget-wrap elementor-element-populated\"><div class=\"elementor-element elementor-element-7b98e3c elementor-widget elementor-widget-text-editor animated fadeInUp\" data-id=\"7b98e3c\" data-element_type=\"widget\" data-settings=\"{&quot;_animation&quot;:&quot;fadeInUp&quot;}\" data-widget_type=\"text-editor.default\"><div class=\"elementor-widget-container\"><p><strong>For further information,<\/strong> please call the Clos Castel hotel reception on +33 5 64 13 76 00. <a href=\"mailto:info@clos-castel.fr\">info@clos-castel.fr<\/a><\/p><\/div><\/div><\/div><\/div><\/div><\/section><p style=\"text-align: center;\">\u00a0<\/p>\t\t\t\t\t\t<\/div>\n\t\t\t\t<\/div>\n\t\t\t\t\t<\/div>\n\t\t<\/div>\n\t\t\t\t\t\t\t<\/div>\n\t\t<\/section>\n\t\t\t\t\t\t\t<\/div>","protected":false},"excerpt":{"rendered":"<p>Offres &#8211; S\u00e9jour gourmand et relaxant en duo Si vous souhaitez profiter d&rsquo;un moment d&rsquo;\u00e9vasion en duo alliant d\u00e9tente et gourmandise, vous \u00eates au bon endroit ! Le s\u00e9jour gourmand et relaxant en duo propose : 1 nuit en Chambre [&hellip;]<\/p>\n","protected":false},"author":2,"featured_media":0,"parent":2358,"menu_order":2,"comment_status":"closed","ping_status":"closed","template":"","meta":{"footnotes":""},"class_list":["post-2975","page","type-page","status-publish","hentry"],"yoast_head":"<!-- This site is optimized with the Yoast SEO plugin v26.8 - https:\/\/yoast.com\/product\/yoast-seo-wordpress\/ -->\n<title>S\u00e9jour Gourmand et Relaxant en duo - Clos Castel<\/title>\n<meta name=\"robots\" content=\"index, follow, max-snippet:-1, max-image-preview:large, max-video-preview:-1\" \/>\n<link rel=\"canonical\" href=\"https:\/\/www.clos-castel.fr\/en\/offres-loisirs\/sejour-gourmand\/\" \/>\n<meta property=\"og:locale\" content=\"en_GB\" \/>\n<meta property=\"og:type\" content=\"article\" \/>\n<meta property=\"og:title\" content=\"S\u00e9jour Gourmand et Relaxant en duo - Clos Castel\" \/>\n<meta property=\"og:description\" content=\"Offres &#8211; S\u00e9jour gourmand et relaxant en duo Si vous souhaitez profiter d&rsquo;un moment d&rsquo;\u00e9vasion en duo alliant d\u00e9tente et gourmandise, vous \u00eates au bon endroit ! Le s\u00e9jour gourmand et relaxant en duo propose : 1 nuit en Chambre [&hellip;]\" \/>\n<meta property=\"og:url\" content=\"https:\/\/www.clos-castel.fr\/en\/offres-loisirs\/sejour-gourmand\/\" \/>\n<meta property=\"og:site_name\" content=\"Clos Castel\" \/>\n<meta property=\"article:modified_time\" content=\"2026-03-15T07:23:08+00:00\" \/>\n<meta property=\"og:image\" content=\"https:\/\/www.clos-castel.fr\/wp-content\/uploads\/2024\/11\/Sejour-gourmand-site-web-PHOTO.png\" \/>\n\t<meta property=\"og:image:width\" content=\"1500\" \/>\n\t<meta property=\"og:image:height\" content=\"650\" \/>\n\t<meta property=\"og:image:type\" content=\"image\/png\" \/>\n<meta name=\"twitter:card\" content=\"summary_large_image\" \/>\n<meta name=\"twitter:label1\" content=\"Estimated reading time\" \/>\n\t<meta name=\"twitter:data1\" content=\"2 minutes\" \/>\n<script type=\"application\/ld+json\" class=\"yoast-schema-graph\">{\"@context\":\"https:\/\/schema.org\",\"@graph\":[{\"@type\":\"WebPage\",\"@id\":\"https:\/\/www.clos-castel.fr\/offres-loisirs\/sejour-gourmand\/\",\"url\":\"https:\/\/www.clos-castel.fr\/offres-loisirs\/sejour-gourmand\/\",\"name\":\"S\u00e9jour Gourmand et Relaxant en duo - Clos Castel\",\"isPartOf\":{\"@id\":\"https:\/\/www.clos-castel.fr\/#website\"},\"primaryImageOfPage\":{\"@id\":\"https:\/\/www.clos-castel.fr\/offres-loisirs\/sejour-gourmand\/#primaryimage\"},\"image\":{\"@id\":\"https:\/\/www.clos-castel.fr\/offres-loisirs\/sejour-gourmand\/#primaryimage\"},\"thumbnailUrl\":\"https:\/\/www.clos-castel.fr\/wp-content\/uploads\/2024\/11\/Sejour-gourmand-site-web-PHOTO.png\",\"datePublished\":\"2024-11-24T16:55:12+00:00\",\"dateModified\":\"2026-03-15T07:23:08+00:00\",\"breadcrumb\":{\"@id\":\"https:\/\/www.clos-castel.fr\/offres-loisirs\/sejour-gourmand\/#breadcrumb\"},\"inLanguage\":\"en-GB\",\"potentialAction\":[{\"@type\":\"ReadAction\",\"target\":[\"https:\/\/www.clos-castel.fr\/offres-loisirs\/sejour-gourmand\/\"]}]},{\"@type\":\"ImageObject\",\"inLanguage\":\"en-GB\",\"@id\":\"https:\/\/www.clos-castel.fr\/offres-loisirs\/sejour-gourmand\/#primaryimage\",\"url\":\"https:\/\/www.clos-castel.fr\/wp-content\/uploads\/2024\/11\/Sejour-gourmand-site-web-PHOTO.png\",\"contentUrl\":\"https:\/\/www.clos-castel.fr\/wp-content\/uploads\/2024\/11\/Sejour-gourmand-site-web-PHOTO.png\"},{\"@type\":\"BreadcrumbList\",\"@id\":\"https:\/\/www.clos-castel.fr\/offres-loisirs\/sejour-gourmand\/#breadcrumb\",\"itemListElement\":[{\"@type\":\"ListItem\",\"position\":1,\"name\":\"Accueil\",\"item\":\"https:\/\/www.clos-castel.fr\/\"},{\"@type\":\"ListItem\",\"position\":2,\"name\":\"Offres\",\"item\":\"https:\/\/www.clos-castel.fr\/offres-loisirs\/\"},{\"@type\":\"ListItem\",\"position\":3,\"name\":\"S\u00e9jour Gourmand et Relaxant en duo\"}]},{\"@type\":\"WebSite\",\"@id\":\"https:\/\/www.clos-castel.fr\/#website\",\"url\":\"https:\/\/www.clos-castel.fr\/\",\"name\":\"Clos Castel\",\"description\":\"Un h\u00f4tel de charme au c\u0153ur du Lot-et-Garonne\",\"publisher\":{\"@id\":\"https:\/\/www.clos-castel.fr\/#organization\"},\"potentialAction\":[{\"@type\":\"SearchAction\",\"target\":{\"@type\":\"EntryPoint\",\"urlTemplate\":\"https:\/\/www.clos-castel.fr\/?s={search_term_string}\"},\"query-input\":{\"@type\":\"PropertyValueSpecification\",\"valueRequired\":true,\"valueName\":\"search_term_string\"}}],\"inLanguage\":\"en-GB\"},{\"@type\":\"Organization\",\"@id\":\"https:\/\/www.clos-castel.fr\/#organization\",\"name\":\"Clos Castel\",\"url\":\"https:\/\/www.clos-castel.fr\/\",\"logo\":{\"@type\":\"ImageObject\",\"inLanguage\":\"en-GB\",\"@id\":\"https:\/\/www.clos-castel.fr\/#\/schema\/logo\/image\/\",\"url\":\"https:\/\/www.clos-castel.fr\/wp-content\/uploads\/2019\/03\/logo_black-1.png\",\"contentUrl\":\"https:\/\/www.clos-castel.fr\/wp-content\/uploads\/2019\/03\/logo_black-1.png\",\"width\":198,\"height\":86,\"caption\":\"Clos Castel\"},\"image\":{\"@id\":\"https:\/\/www.clos-castel.fr\/#\/schema\/logo\/image\/\"}}]}<\/script>\n<!-- \/ Yoast SEO plugin. -->","yoast_head_json":{"title":"S\u00e9jour Gourmand et Relaxant en duo - Clos Castel","robots":{"index":"index","follow":"follow","max-snippet":"max-snippet:-1","max-image-preview":"max-image-preview:large","max-video-preview":"max-video-preview:-1"},"canonical":"https:\/\/www.clos-castel.fr\/en\/offres-loisirs\/sejour-gourmand\/","og_locale":"en_GB","og_type":"article","og_title":"S\u00e9jour Gourmand et Relaxant en duo - Clos Castel","og_description":"Offres &#8211; S\u00e9jour gourmand et relaxant en duo Si vous souhaitez profiter d&rsquo;un moment d&rsquo;\u00e9vasion en duo alliant d\u00e9tente et gourmandise, vous \u00eates au bon endroit ! Le s\u00e9jour gourmand et relaxant en duo propose : 1 nuit en Chambre [&hellip;]","og_url":"https:\/\/www.clos-castel.fr\/en\/offres-loisirs\/sejour-gourmand\/","og_site_name":"Clos Castel","article_modified_time":"2026-03-15T07:23:08+00:00","og_image":[{"width":1500,"height":650,"url":"https:\/\/www.clos-castel.fr\/wp-content\/uploads\/2024\/11\/Sejour-gourmand-site-web-PHOTO.png","type":"image\/png"}],"twitter_card":"summary_large_image","twitter_misc":{"Estimated reading time":"2 minutes"},"schema":{"@context":"https:\/\/schema.org","@graph":[{"@type":"WebPage","@id":"https:\/\/www.clos-castel.fr\/offres-loisirs\/sejour-gourmand\/","url":"https:\/\/www.clos-castel.fr\/offres-loisirs\/sejour-gourmand\/","name":"S\u00e9jour Gourmand et Relaxant en duo - Clos Castel","isPartOf":{"@id":"https:\/\/www.clos-castel.fr\/#website"},"primaryImageOfPage":{"@id":"https:\/\/www.clos-castel.fr\/offres-loisirs\/sejour-gourmand\/#primaryimage"},"image":{"@id":"https:\/\/www.clos-castel.fr\/offres-loisirs\/sejour-gourmand\/#primaryimage"},"thumbnailUrl":"https:\/\/www.clos-castel.fr\/wp-content\/uploads\/2024\/11\/Sejour-gourmand-site-web-PHOTO.png","datePublished":"2024-11-24T16:55:12+00:00","dateModified":"2026-03-15T07:23:08+00:00","breadcrumb":{"@id":"https:\/\/www.clos-castel.fr\/offres-loisirs\/sejour-gourmand\/#breadcrumb"},"inLanguage":"en-GB","potentialAction":[{"@type":"ReadAction","target":["https:\/\/www.clos-castel.fr\/offres-loisirs\/sejour-gourmand\/"]}]},{"@type":"ImageObject","inLanguage":"en-GB","@id":"https:\/\/www.clos-castel.fr\/offres-loisirs\/sejour-gourmand\/#primaryimage","url":"https:\/\/www.clos-castel.fr\/wp-content\/uploads\/2024\/11\/Sejour-gourmand-site-web-PHOTO.png","contentUrl":"https:\/\/www.clos-castel.fr\/wp-content\/uploads\/2024\/11\/Sejour-gourmand-site-web-PHOTO.png"},{"@type":"BreadcrumbList","@id":"https:\/\/www.clos-castel.fr\/offres-loisirs\/sejour-gourmand\/#breadcrumb","itemListElement":[{"@type":"ListItem","position":1,"name":"Accueil","item":"https:\/\/www.clos-castel.fr\/"},{"@type":"ListItem","position":2,"name":"Offres","item":"https:\/\/www.clos-castel.fr\/offres-loisirs\/"},{"@type":"ListItem","position":3,"name":"S\u00e9jour Gourmand et Relaxant en duo"}]},{"@type":"WebSite","@id":"https:\/\/www.clos-castel.fr\/#website","url":"https:\/\/www.clos-castel.fr\/","name":"Clos Castel","description":"A charming hotel in the heart of Lot-et-Garonne","publisher":{"@id":"https:\/\/www.clos-castel.fr\/#organization"},"potentialAction":[{"@type":"SearchAction","target":{"@type":"EntryPoint","urlTemplate":"https:\/\/www.clos-castel.fr\/?s={search_term_string}"},"query-input":{"@type":"PropertyValueSpecification","valueRequired":true,"valueName":"search_term_string"}}],"inLanguage":"en-GB"},{"@type":"Organization","@id":"https:\/\/www.clos-castel.fr\/#organization","name":"Clos Castel","url":"https:\/\/www.clos-castel.fr\/","logo":{"@type":"ImageObject","inLanguage":"en-GB","@id":"https:\/\/www.clos-castel.fr\/#\/schema\/logo\/image\/","url":"https:\/\/www.clos-castel.fr\/wp-content\/uploads\/2019\/03\/logo_black-1.png","contentUrl":"https:\/\/www.clos-castel.fr\/wp-content\/uploads\/2019\/03\/logo_black-1.png","width":198,"height":86,"caption":"Clos Castel"},"image":{"@id":"https:\/\/www.clos-castel.fr\/#\/schema\/logo\/image\/"}}]}},"_links":{"self":[{"href":"https:\/\/www.clos-castel.fr\/en\/wp-json\/wp\/v2\/pages\/2975","targetHints":{"allow":["GET"]}}],"collection":[{"href":"https:\/\/www.clos-castel.fr\/en\/wp-json\/wp\/v2\/pages"}],"about":[{"href":"https:\/\/www.clos-castel.fr\/en\/wp-json\/wp\/v2\/types\/page"}],"author":[{"embeddable":true,"href":"https:\/\/www.clos-castel.fr\/en\/wp-json\/wp\/v2\/users\/2"}],"replies":[{"embeddable":true,"href":"https:\/\/www.clos-castel.fr\/en\/wp-json\/wp\/v2\/comments?post=2975"}],"version-history":[{"count":21,"href":"https:\/\/www.clos-castel.fr\/en\/wp-json\/wp\/v2\/pages\/2975\/revisions"}],"predecessor-version":[{"id":3366,"href":"https:\/\/www.clos-castel.fr\/en\/wp-json\/wp\/v2\/pages\/2975\/revisions\/3366"}],"up":[{"embeddable":true,"href":"https:\/\/www.clos-castel.fr\/en\/wp-json\/wp\/v2\/pages\/2358"}],"wp:attachment":[{"href":"https:\/\/www.clos-castel.fr\/en\/wp-json\/wp\/v2\/media?parent=2975"}],"curies":[{"name":"wp","href":"https:\/\/api.w.org\/{rel}","templated":true}]}}