{"id":3075,"date":"2024-12-14T20:21:46","date_gmt":"2024-12-14T19:21:46","guid":{"rendered":"https:\/\/www.clos-castel.fr\/?page_id=3075"},"modified":"2024-12-15T08:59:36","modified_gmt":"2024-12-15T07:59:36","slug":"bon-cadeau","status":"publish","type":"page","link":"https:\/\/www.clos-castel.fr\/en\/bon-cadeau\/","title":{"rendered":"Gift voucher"},"content":{"rendered":"<div data-elementor-type=\"wp-post\" data-elementor-id=\"3075\" class=\"elementor elementor-3075\">\n\t\t\t\t\t\t\t\t\t<section class=\"elementor-section elementor-top-section elementor-element elementor-element-9c7ecd5 elementor-section-boxed elementor-section-height-default elementor-section-height-default\" data-id=\"9c7ecd5\" data-element_type=\"section\">\n\t\t\t\t\t\t<div class=\"elementor-container elementor-column-gap-default\">\n\t\t\t\t\t<div class=\"elementor-column elementor-col-50 elementor-top-column elementor-element elementor-element-7c70d63\" data-id=\"7c70d63\" data-element_type=\"column\">\n\t\t\t<div class=\"elementor-widget-wrap elementor-element-populated\">\n\t\t\t\t\t\t\t\t<div class=\"elementor-element elementor-element-d33e921 elementor-invisible elementor-widget elementor-widget-heading\" data-id=\"d33e921\" data-element_type=\"widget\" data-settings=\"{&quot;_animation&quot;:&quot;fadeInLeft&quot;}\" data-widget_type=\"heading.default\">\n\t\t\t\t<div class=\"elementor-widget-container\">\n\t\t\t<h3 class=\"elementor-heading-title elementor-size-default\">H\u00f4tel clos castel<\/h3>\t\t<\/div>\n\t\t\t\t<\/div>\n\t\t\t\t<div class=\"elementor-element elementor-element-745d33b elementor-invisible elementor-widget elementor-widget-heading\" data-id=\"745d33b\" data-element_type=\"widget\" data-settings=\"{&quot;_animation&quot;:&quot;fadeInLeft&quot;}\" data-widget_type=\"heading.default\">\n\t\t\t\t<div class=\"elementor-widget-container\">\n\t\t\t<h2 class=\"elementor-heading-title elementor-size-default\">Our gift vouchers<\/h2>\t\t<\/div>\n\t\t\t\t<\/div>\n\t\t\t\t<div class=\"elementor-element elementor-element-21091c8 elementor-invisible elementor-widget elementor-widget-text-editor\" data-id=\"21091c8\" data-element_type=\"widget\" data-settings=\"{&quot;_animation&quot;:&quot;fadeInLeft&quot;}\" data-widget_type=\"text-editor.default\">\n\t\t\t\t<div class=\"elementor-widget-container\">\n\t\t\t\t\t\t\t<p data-pm-slice=\"1 1 []\">Give a memorable, personalised gift with Clos Castel gift vouchers: spa, room and villa getaways or themed breaks, choose an unforgettable experience in an enchanting setting.<\/p><p data-pm-slice=\"1 1 []\"><strong>Why choose our gift vouchers?<\/strong><\/p><ul><li data-pm-slice=\"1 1 []\">A universal gift idea: perfect for all occasions and all profiles.<\/li><li data-pm-slice=\"1 1 []\">Customisation: to suit every taste.<\/li><li data-pm-slice=\"1 1 []\">Exceptional setting: a unique location in the heart of the region.<\/li><li data-pm-slice=\"1 1 []\">Flexible validity: several months to take advantage.<\/li><li data-pm-slice=\"1 1 []\">Ease of use: quick and easy booking for a stress-free experience.<\/li><\/ul><p><strong>How do I give a gift voucher?<\/strong><\/p><p data-pm-slice=\"1 1 []\">Dive into our suggestions by consulting the document below and find the perfect idea to please.<\/p><p>Contact us to create the perfect gift on +33 5.64.13.76.00. Gift vouchers can only be booked by telephone.<\/p><p>Give more than a gift: an unforgettable moment at Clos Castel.<\/p>\t\t\t\t\t\t<\/div>\n\t\t\t\t<\/div>\n\t\t\t\t<div class=\"elementor-element elementor-element-7a4d4d7 elementor-align-center elementor-invisible elementor-widget elementor-widget-button\" data-id=\"7a4d4d7\" data-element_type=\"widget\" data-settings=\"{&quot;_animation&quot;:&quot;fadeInDown&quot;}\" data-widget_type=\"button.default\">\n\t\t\t\t<div class=\"elementor-widget-container\">\n\t\t\t\t\t<div class=\"elementor-button-wrapper\">\n\t\t\t<a class=\"elementor-button elementor-button-link elementor-size-xs elementor-animation-shrink\" href=\"https:\/\/www.clos-castel.fr\/wp-content\/uploads\/2024\/12\/Bon-cadeau-Clos-Castel-ang.pdf\" target=\"_blank\">\n\t\t\t\t\t\t<span class=\"elementor-button-content-wrapper\">\n\t\t\t\t\t\t<span class=\"elementor-button-icon elementor-align-icon-left\">\n\t\t\t\t\t\t\t\t\t<i class=\"fa fa-envira\" aria-hidden=\"true\"><\/i>\n\t\t\t\t\t\t\t<\/span>\n\t\t\t\t\t\t<span class=\"elementor-button-text\">Our gift vouchers<\/span>\n\t\t<\/span>\n\t\t\t\t\t<\/a>\n\t\t<\/div>\n\t\t\t\t<\/div>\n\t\t\t\t<\/div>\n\t\t\t\t\t<\/div>\n\t\t<\/div>\n\t\t\t\t<div class=\"elementor-column elementor-col-50 elementor-top-column elementor-element elementor-element-52d884c\" data-id=\"52d884c\" data-element_type=\"column\">\n\t\t\t<div class=\"elementor-widget-wrap elementor-element-populated\">\n\t\t\t\t\t\t\t\t<div class=\"elementor-element elementor-element-cc763a9 elementor-invisible elementor-widget elementor-widget-image\" data-id=\"cc763a9\" data-element_type=\"widget\" data-settings=\"{&quot;_animation&quot;:&quot;fadeInUp&quot;}\" data-widget_type=\"image.default\">\n\t\t\t\t<div class=\"elementor-widget-container\">\n\t\t\t\t\t\t\t\t\t\t\t\t\t\t\t<img fetchpriority=\"high\" decoding=\"async\" width=\"660\" height=\"913\" src=\"https:\/\/www.clos-castel.fr\/wp-content\/uploads\/2024\/12\/IMG_9062-660x913.jpg\" class=\"attachment-hoteller-album-grid size-hoteller-album-grid wp-image-3079\" alt=\"\" srcset=\"https:\/\/www.clos-castel.fr\/wp-content\/uploads\/2024\/12\/IMG_9062-660x913.jpg 660w, https:\/\/www.clos-castel.fr\/wp-content\/uploads\/2024\/12\/IMG_9062-9x12.jpg 9w\" sizes=\"(max-width: 660px) 100vw, 660px\" \/>\t\t\t\t\t\t\t\t\t\t\t\t\t\t\t<\/div>\n\t\t\t\t<\/div>\n\t\t\t\t\t<\/div>\n\t\t<\/div>\n\t\t\t\t\t\t\t<\/div>\n\t\t<\/section>\n\t\t\t\t<section class=\"elementor-section elementor-top-section elementor-element elementor-element-b7768d5 elementor-section-boxed elementor-section-height-default elementor-section-height-default\" data-id=\"b7768d5\" data-element_type=\"section\">\n\t\t\t\t\t\t<div class=\"elementor-container elementor-column-gap-wider\">\n\t\t\t\t\t<div class=\"elementor-column elementor-col-50 elementor-top-column elementor-element elementor-element-7b9a215\" data-id=\"7b9a215\" data-element_type=\"column\">\n\t\t\t<div class=\"elementor-widget-wrap elementor-element-populated\">\n\t\t\t\t\t\t\t\t<div class=\"elementor-element elementor-element-ba18bdc elementor-invisible elementor-widget elementor-widget-image-gallery\" data-id=\"ba18bdc\" data-element_type=\"widget\" data-settings=\"{&quot;_animation&quot;:&quot;fadeInLeft&quot;}\" data-widget_type=\"image-gallery.default\">\n\t\t\t\t<div class=\"elementor-widget-container\">\n\t\t\t\t\t<div class=\"elementor-image-gallery\">\n\t\t\t\n\t\t<style type=\"text\/css\">\n\t\t\t#gallery-1 {\n\t\t\t\tmargin: auto;\n\t\t\t}\n\t\t\t#gallery-1 .gallery-item {\n\t\t\t\tfloat: left;\n\t\t\t\tmargin-top: 10px;\n\t\t\t\ttext-align: center;\n\t\t\t\twidth: 50%;\n\t\t\t}\n\t\t\t#gallery-1 img {\n\t\t\t\tborder: 2px solid #cfcfcf;\n\t\t\t}\n\t\t\t#gallery-1 .gallery-caption {\n\t\t\t\tmargin-left: 0;\n\t\t\t}\n\t\t\t\/* see gallery_shortcode() in wp-includes\/media.php *\/\n\t\t<\/style>\n\t\t<div id='gallery-1' class='gallery galleryid-3075 gallery-columns-2 gallery-size-hoteller-gallery-list'><dl class='gallery-item'>\n\t\t\t<dt class='gallery-icon landscape'>\n\t\t\t\t<a data-elementor-open-lightbox=\"yes\" data-elementor-lightbox-slideshow=\"ba18bdc\" data-elementor-lightbox-title=\"castel3-11\" data-e-action-hash=\"#elementor-action%3Aaction%3Dlightbox%26settings%3DeyJpZCI6MzA4MSwidXJsIjoiaHR0cHM6XC9cL3d3dy5jbG9zLWNhc3RlbC5mclwvd3AtY29udGVudFwvdXBsb2Fkc1wvMjAyNFwvMTJcL2Nhc3RlbDMtMTEtc2NhbGVkLmpwZyIsInNsaWRlc2hvdyI6ImJhMThiZGMifQ%3D%3D\" href='https:\/\/www.clos-castel.fr\/wp-content\/uploads\/2024\/12\/castel3-11-scaled.jpg'><img decoding=\"async\" width=\"610\" height=\"610\" src=\"https:\/\/www.clos-castel.fr\/wp-content\/uploads\/2024\/12\/castel3-11-610x610.jpg\" class=\"attachment-hoteller-gallery-list size-hoteller-gallery-list\" alt=\"\" srcset=\"https:\/\/www.clos-castel.fr\/wp-content\/uploads\/2024\/12\/castel3-11-610x610.jpg 610w, https:\/\/www.clos-castel.fr\/wp-content\/uploads\/2024\/12\/castel3-11-150x150.jpg 150w\" sizes=\"(max-width: 610px) 100vw, 610px\" \/><\/a>\n\t\t\t<\/dt><\/dl><dl class='gallery-item'>\n\t\t\t<dt class='gallery-icon landscape'>\n\t\t\t\t<a data-elementor-open-lightbox=\"yes\" data-elementor-lightbox-slideshow=\"ba18bdc\" data-elementor-lightbox-title=\"spa&amp;ext-34\" data-e-action-hash=\"#elementor-action%3Aaction%3Dlightbox%26settings%3DeyJpZCI6MzA4MiwidXJsIjoiaHR0cHM6XC9cL3d3dy5jbG9zLWNhc3RlbC5mclwvd3AtY29udGVudFwvdXBsb2Fkc1wvMjAyNFwvMTJcL3NwYWV4dC0zNC1zY2FsZWQuanBnIiwic2xpZGVzaG93IjoiYmExOGJkYyJ9\" href='https:\/\/www.clos-castel.fr\/wp-content\/uploads\/2024\/12\/spaext-34-scaled.jpg'><img decoding=\"async\" width=\"610\" height=\"610\" src=\"https:\/\/www.clos-castel.fr\/wp-content\/uploads\/2024\/12\/spaext-34-610x610.jpg\" class=\"attachment-hoteller-gallery-list size-hoteller-gallery-list\" alt=\"\" srcset=\"https:\/\/www.clos-castel.fr\/wp-content\/uploads\/2024\/12\/spaext-34-610x610.jpg 610w, https:\/\/www.clos-castel.fr\/wp-content\/uploads\/2024\/12\/spaext-34-150x150.jpg 150w\" sizes=\"(max-width: 610px) 100vw, 610px\" \/><\/a>\n\t\t\t<\/dt><\/dl><br style=\"clear: both\" \/>\n\t\t<\/div>\n\t\t<\/div>\n\t\t\t\t<\/div>\n\t\t\t\t<\/div>\n\t\t\t\t\t<\/div>\n\t\t<\/div>\n\t\t\t\t<div class=\"elementor-column elementor-col-50 elementor-top-column elementor-element elementor-element-78795fe\" data-id=\"78795fe\" data-element_type=\"column\">\n\t\t\t<div class=\"elementor-widget-wrap elementor-element-populated\">\n\t\t\t\t\t\t\t\t<div class=\"elementor-element elementor-element-d520265 elementor-widget elementor-widget-spacer\" data-id=\"d520265\" data-element_type=\"widget\" data-widget_type=\"spacer.default\">\n\t\t\t\t<div class=\"elementor-widget-container\">\n\t\t\t\t\t<div class=\"elementor-spacer\">\n\t\t\t<div class=\"elementor-spacer-inner\"><\/div>\n\t\t<\/div>\n\t\t\t\t<\/div>\n\t\t\t\t<\/div>\n\t\t\t\t<div class=\"elementor-element elementor-element-457bfdd elementor-invisible elementor-widget elementor-widget-text-editor\" data-id=\"457bfdd\" data-element_type=\"widget\" data-settings=\"{&quot;_animation&quot;:&quot;fadeInUp&quot;}\" data-widget_type=\"text-editor.default\">\n\t\t\t\t<div class=\"elementor-widget-container\">\n\t\t\t\t\t\t\t<p><em style=\"font-size: 14px; letter-spacing: 0px;\">To request a gift voucher for the La Vieille Auberge restaurant only, please contact them directly on +33 5.53.93.01.36.<\/em><\/p>\t\t\t\t\t\t<\/div>\n\t\t\t\t<\/div>\n\t\t\t\t\t<\/div>\n\t\t<\/div>\n\t\t\t\t\t\t\t<\/div>\n\t\t<\/section>\n\t\t\t\t\t\t\t<\/div>","protected":false},"excerpt":{"rendered":"<p>H\u00f4tel clos castel Nos bons cadeaux Offrez un cadeau m\u00e9morable et personnalis\u00e9 avec les bons cadeaux du Clos Castel : spa, escapades en chambre et villas ou s\u00e9jours th\u00e9matiques, choisissez une exp\u00e9rience inoubliable dans un cadre enchanteur. Pourquoi choisir nos [&hellip;]<\/p>\n","protected":false},"author":2,"featured_media":0,"parent":0,"menu_order":0,"comment_status":"closed","ping_status":"closed","template":"","meta":{"footnotes":""},"class_list":["post-3075","page","type-page","status-publish","hentry"],"yoast_head":"<!-- This site is optimized with the Yoast SEO plugin v26.8 - https:\/\/yoast.com\/product\/yoast-seo-wordpress\/ -->\n<title>Bon cadeau - Clos Castel<\/title>\n<meta name=\"robots\" content=\"index, follow, max-snippet:-1, max-image-preview:large, max-video-preview:-1\" \/>\n<link rel=\"canonical\" href=\"https:\/\/www.clos-castel.fr\/en\/bon-cadeau\/\" \/>\n<meta property=\"og:locale\" content=\"en_GB\" \/>\n<meta property=\"og:type\" content=\"article\" \/>\n<meta property=\"og:title\" content=\"Bon cadeau - Clos Castel\" \/>\n<meta property=\"og:description\" content=\"H\u00f4tel clos castel Nos bons cadeaux Offrez un cadeau m\u00e9morable et personnalis\u00e9 avec les bons cadeaux du Clos Castel : spa, escapades en chambre et villas ou s\u00e9jours th\u00e9matiques, choisissez une exp\u00e9rience inoubliable dans un cadre enchanteur. Pourquoi choisir nos [&hellip;]\" \/>\n<meta property=\"og:url\" content=\"https:\/\/www.clos-castel.fr\/en\/bon-cadeau\/\" \/>\n<meta property=\"og:site_name\" content=\"Clos Castel\" \/>\n<meta property=\"article:modified_time\" content=\"2024-12-15T07:59:36+00:00\" \/>\n<meta property=\"og:image\" content=\"https:\/\/www.clos-castel.fr\/wp-content\/uploads\/2024\/12\/IMG_9062-660x913.jpg\" \/>\n<meta name=\"twitter:card\" content=\"summary_large_image\" \/>\n<meta name=\"twitter:label1\" content=\"Estimated reading time\" \/>\n\t<meta name=\"twitter:data1\" content=\"2 minutes\" \/>\n<script type=\"application\/ld+json\" class=\"yoast-schema-graph\">{\"@context\":\"https:\/\/schema.org\",\"@graph\":[{\"@type\":\"WebPage\",\"@id\":\"https:\/\/www.clos-castel.fr\/bon-cadeau\/\",\"url\":\"https:\/\/www.clos-castel.fr\/bon-cadeau\/\",\"name\":\"Bon cadeau - Clos Castel\",\"isPartOf\":{\"@id\":\"https:\/\/www.clos-castel.fr\/#website\"},\"primaryImageOfPage\":{\"@id\":\"https:\/\/www.clos-castel.fr\/bon-cadeau\/#primaryimage\"},\"image\":{\"@id\":\"https:\/\/www.clos-castel.fr\/bon-cadeau\/#primaryimage\"},\"thumbnailUrl\":\"https:\/\/www.clos-castel.fr\/wp-content\/uploads\/2024\/12\/IMG_9062-660x913.jpg\",\"datePublished\":\"2024-12-14T19:21:46+00:00\",\"dateModified\":\"2024-12-15T07:59:36+00:00\",\"breadcrumb\":{\"@id\":\"https:\/\/www.clos-castel.fr\/bon-cadeau\/#breadcrumb\"},\"inLanguage\":\"en-GB\",\"potentialAction\":[{\"@type\":\"ReadAction\",\"target\":[\"https:\/\/www.clos-castel.fr\/bon-cadeau\/\"]}]},{\"@type\":\"ImageObject\",\"inLanguage\":\"en-GB\",\"@id\":\"https:\/\/www.clos-castel.fr\/bon-cadeau\/#primaryimage\",\"url\":\"https:\/\/www.clos-castel.fr\/wp-content\/uploads\/2024\/12\/IMG_9062-660x913.jpg\",\"contentUrl\":\"https:\/\/www.clos-castel.fr\/wp-content\/uploads\/2024\/12\/IMG_9062-660x913.jpg\"},{\"@type\":\"BreadcrumbList\",\"@id\":\"https:\/\/www.clos-castel.fr\/bon-cadeau\/#breadcrumb\",\"itemListElement\":[{\"@type\":\"ListItem\",\"position\":1,\"name\":\"Accueil\",\"item\":\"https:\/\/www.clos-castel.fr\/\"},{\"@type\":\"ListItem\",\"position\":2,\"name\":\"Bon cadeau\"}]},{\"@type\":\"WebSite\",\"@id\":\"https:\/\/www.clos-castel.fr\/#website\",\"url\":\"https:\/\/www.clos-castel.fr\/\",\"name\":\"Clos Castel\",\"description\":\"Un h\u00f4tel de charme au c\u0153ur du Lot-et-Garonne\",\"publisher\":{\"@id\":\"https:\/\/www.clos-castel.fr\/#organization\"},\"potentialAction\":[{\"@type\":\"SearchAction\",\"target\":{\"@type\":\"EntryPoint\",\"urlTemplate\":\"https:\/\/www.clos-castel.fr\/?s={search_term_string}\"},\"query-input\":{\"@type\":\"PropertyValueSpecification\",\"valueRequired\":true,\"valueName\":\"search_term_string\"}}],\"inLanguage\":\"en-GB\"},{\"@type\":\"Organization\",\"@id\":\"https:\/\/www.clos-castel.fr\/#organization\",\"name\":\"Clos Castel\",\"url\":\"https:\/\/www.clos-castel.fr\/\",\"logo\":{\"@type\":\"ImageObject\",\"inLanguage\":\"en-GB\",\"@id\":\"https:\/\/www.clos-castel.fr\/#\/schema\/logo\/image\/\",\"url\":\"https:\/\/www.clos-castel.fr\/wp-content\/uploads\/2019\/03\/logo_black-1.png\",\"contentUrl\":\"https:\/\/www.clos-castel.fr\/wp-content\/uploads\/2019\/03\/logo_black-1.png\",\"width\":198,\"height\":86,\"caption\":\"Clos Castel\"},\"image\":{\"@id\":\"https:\/\/www.clos-castel.fr\/#\/schema\/logo\/image\/\"}}]}<\/script>\n<!-- \/ Yoast SEO plugin. -->","yoast_head_json":{"title":"Bon cadeau - Clos Castel","robots":{"index":"index","follow":"follow","max-snippet":"max-snippet:-1","max-image-preview":"max-image-preview:large","max-video-preview":"max-video-preview:-1"},"canonical":"https:\/\/www.clos-castel.fr\/en\/bon-cadeau\/","og_locale":"en_GB","og_type":"article","og_title":"Bon cadeau - Clos Castel","og_description":"H\u00f4tel clos castel Nos bons cadeaux Offrez un cadeau m\u00e9morable et personnalis\u00e9 avec les bons cadeaux du Clos Castel : spa, escapades en chambre et villas ou s\u00e9jours th\u00e9matiques, choisissez une exp\u00e9rience inoubliable dans un cadre enchanteur. Pourquoi choisir nos [&hellip;]","og_url":"https:\/\/www.clos-castel.fr\/en\/bon-cadeau\/","og_site_name":"Clos Castel","article_modified_time":"2024-12-15T07:59:36+00:00","og_image":[{"url":"https:\/\/www.clos-castel.fr\/wp-content\/uploads\/2024\/12\/IMG_9062-660x913.jpg","type":"","width":"","height":""}],"twitter_card":"summary_large_image","twitter_misc":{"Estimated reading time":"2 minutes"},"schema":{"@context":"https:\/\/schema.org","@graph":[{"@type":"WebPage","@id":"https:\/\/www.clos-castel.fr\/bon-cadeau\/","url":"https:\/\/www.clos-castel.fr\/bon-cadeau\/","name":"Bon cadeau - Clos Castel","isPartOf":{"@id":"https:\/\/www.clos-castel.fr\/#website"},"primaryImageOfPage":{"@id":"https:\/\/www.clos-castel.fr\/bon-cadeau\/#primaryimage"},"image":{"@id":"https:\/\/www.clos-castel.fr\/bon-cadeau\/#primaryimage"},"thumbnailUrl":"https:\/\/www.clos-castel.fr\/wp-content\/uploads\/2024\/12\/IMG_9062-660x913.jpg","datePublished":"2024-12-14T19:21:46+00:00","dateModified":"2024-12-15T07:59:36+00:00","breadcrumb":{"@id":"https:\/\/www.clos-castel.fr\/bon-cadeau\/#breadcrumb"},"inLanguage":"en-GB","potentialAction":[{"@type":"ReadAction","target":["https:\/\/www.clos-castel.fr\/bon-cadeau\/"]}]},{"@type":"ImageObject","inLanguage":"en-GB","@id":"https:\/\/www.clos-castel.fr\/bon-cadeau\/#primaryimage","url":"https:\/\/www.clos-castel.fr\/wp-content\/uploads\/2024\/12\/IMG_9062-660x913.jpg","contentUrl":"https:\/\/www.clos-castel.fr\/wp-content\/uploads\/2024\/12\/IMG_9062-660x913.jpg"},{"@type":"BreadcrumbList","@id":"https:\/\/www.clos-castel.fr\/bon-cadeau\/#breadcrumb","itemListElement":[{"@type":"ListItem","position":1,"name":"Accueil","item":"https:\/\/www.clos-castel.fr\/"},{"@type":"ListItem","position":2,"name":"Bon cadeau"}]},{"@type":"WebSite","@id":"https:\/\/www.clos-castel.fr\/#website","url":"https:\/\/www.clos-castel.fr\/","name":"Clos Castel","description":"A charming hotel in the heart of Lot-et-Garonne","publisher":{"@id":"https:\/\/www.clos-castel.fr\/#organization"},"potentialAction":[{"@type":"SearchAction","target":{"@type":"EntryPoint","urlTemplate":"https:\/\/www.clos-castel.fr\/?s={search_term_string}"},"query-input":{"@type":"PropertyValueSpecification","valueRequired":true,"valueName":"search_term_string"}}],"inLanguage":"en-GB"},{"@type":"Organization","@id":"https:\/\/www.clos-castel.fr\/#organization","name":"Clos Castel","url":"https:\/\/www.clos-castel.fr\/","logo":{"@type":"ImageObject","inLanguage":"en-GB","@id":"https:\/\/www.clos-castel.fr\/#\/schema\/logo\/image\/","url":"https:\/\/www.clos-castel.fr\/wp-content\/uploads\/2019\/03\/logo_black-1.png","contentUrl":"https:\/\/www.clos-castel.fr\/wp-content\/uploads\/2019\/03\/logo_black-1.png","width":198,"height":86,"caption":"Clos Castel"},"image":{"@id":"https:\/\/www.clos-castel.fr\/#\/schema\/logo\/image\/"}}]}},"_links":{"self":[{"href":"https:\/\/www.clos-castel.fr\/en\/wp-json\/wp\/v2\/pages\/3075","targetHints":{"allow":["GET"]}}],"collection":[{"href":"https:\/\/www.clos-castel.fr\/en\/wp-json\/wp\/v2\/pages"}],"about":[{"href":"https:\/\/www.clos-castel.fr\/en\/wp-json\/wp\/v2\/types\/page"}],"author":[{"embeddable":true,"href":"https:\/\/www.clos-castel.fr\/en\/wp-json\/wp\/v2\/users\/2"}],"replies":[{"embeddable":true,"href":"https:\/\/www.clos-castel.fr\/en\/wp-json\/wp\/v2\/comments?post=3075"}],"version-history":[{"count":28,"href":"https:\/\/www.clos-castel.fr\/en\/wp-json\/wp\/v2\/pages\/3075\/revisions"}],"predecessor-version":[{"id":3111,"href":"https:\/\/www.clos-castel.fr\/en\/wp-json\/wp\/v2\/pages\/3075\/revisions\/3111"}],"wp:attachment":[{"href":"https:\/\/www.clos-castel.fr\/en\/wp-json\/wp\/v2\/media?parent=3075"}],"curies":[{"name":"wp","href":"https:\/\/api.w.org\/{rel}","templated":true}]}}